{"id":728,"date":"2009-09-28T10:41:41","date_gmt":"2009-09-28T13:41:41","guid":{"rendered":"http:\/\/www.radians.com.ar\/blog\/?page_id=728"},"modified":"2009-09-29T11:16:16","modified_gmt":"2009-09-29T14:16:16","slug":"ayuda-help","status":"publish","type":"page","link":"https:\/\/www.radians.com.ar\/blog\/?page_id=728","title":{"rendered":"Ayuda | Help"},"content":{"rendered":"<p>A partir de los nuevos cambios que he aplicado al sitio, quer\u00eda mostrarles los distintos tipos de ayuda que disponen para el uso del sitio, ya que ha crecido enormemente en la cantidad de notas y de consultas.<\/p>\n<p>He dise\u00f1ado unos botones en la parte superior del sitio \u201c<b><i>1. Botones de Acceso R\u00e1pido<\/i><\/b>\u201d. <\/p>\n<p><a href=\"http:\/\/www.radians.com.ar\/Articulos\/Images\/AyudaHelp_9669\/AyudaBotonesAccesoRapido.png\"><img loading=\"lazy\" decoding=\"async\" style=\"border-right-width: 0px; display: inline; border-top-width: 0px; border-bottom-width: 0px; border-left-width: 0px\" title=\"AyudaBotonesAccesoRapido\" border=\"0\" alt=\"AyudaBotonesAccesoRapido\" src=\"http:\/\/www.radians.com.ar\/Articulos\/Images\/AyudaHelp_9669\/AyudaBotonesAccesoRapido_thumb.png\" width=\"544\" height=\"121\" \/><\/a> <\/p>\n<p>Ah\u00ed podr\u00e1n f\u00e1cilmente volver al home del sitio, ver informaci\u00f3n acerca de qui\u00e9nes somos, ver el formulario de contactos, y la pagina de ayuda; que ser\u00e1 similar a esta nota acerca de c\u00f3mo aprovechar al m\u00e1ximo el sitio.<\/p>\n<p><a href=\"http:\/\/www.radians.com.ar\/Articulos\/Images\/AyudaHelp_9669\/AyudaContactenosForm.png\"><img loading=\"lazy\" decoding=\"async\" style=\"border-right-width: 0px; display: inline; border-top-width: 0px; border-bottom-width: 0px; border-left-width: 0px\" title=\"AyudaContactenosForm\" border=\"0\" alt=\"AyudaContactenosForm\" src=\"http:\/\/www.radians.com.ar\/Articulos\/Images\/AyudaHelp_9669\/AyudaContactenosForm_thumb.png\" width=\"544\" height=\"362\" \/><\/a> <\/p>\n<p>Tambi\u00e9n en el margen derecho tenemos la opci\u00f3n \u201c<b><i>2. Ayuda | Help<\/i><\/b>\u201d que accede a esta nota donde tenemos toda la informaci\u00f3n.<\/p>\n<p><a href=\"http:\/\/www.radians.com.ar\/Articulos\/Images\/AyudaHelp_9669\/AyudaGral.png\"><img loading=\"lazy\" decoding=\"async\" style=\"border-right-width: 0px; display: inline; border-top-width: 0px; border-bottom-width: 0px; border-left-width: 0px\" title=\"AyudaGral\" border=\"0\" alt=\"AyudaGral\" src=\"http:\/\/www.radians.com.ar\/Articulos\/Images\/AyudaHelp_9669\/AyudaGral_thumb.png\" width=\"544\" height=\"602\" \/><\/a> <\/p>\n<p>La opci\u00f3n \u201c<b><i>3. RSS<\/i><\/b>\u201d nos permite suscribirnos a las noticias RRS 2.0 del sitio para recibir las actualizaciones del sitio.<\/p>\n<p>La opci\u00f3n \u201c<b><i>4. Google Search<\/i><\/b>\u201d nos permite realizar b\u00fasquedas de notas en el sitio; por ejemplo si buscamos \u201cactive directory\u201d veremos una cantidad de notas sobre el tema.<\/p>\n<p><a href=\"http:\/\/www.radians.com.ar\/Articulos\/Images\/AyudaHelp_9669\/AyudaGoogleSearch.png\"><img loading=\"lazy\" decoding=\"async\" style=\"border-right-width: 0px; display: inline; border-top-width: 0px; border-bottom-width: 0px; border-left-width: 0px\" title=\"AyudaGoogleSearch\" border=\"0\" alt=\"AyudaGoogleSearch\" src=\"http:\/\/www.radians.com.ar\/Articulos\/Images\/AyudaHelp_9669\/AyudaGoogleSearch_thumb.png\" width=\"544\" height=\"294\" \/><\/a> <\/p>\n<p>En la opci\u00f3n \u201c<b><i>5. Translate this page<\/i><\/b>\u201d nos permite traducir esta p\u00e1gina a otro idioma.<\/p>\n<p><a href=\"http:\/\/www.radians.com.ar\/Articulos\/Images\/AyudaHelp_9669\/AyudaTranslatePage.png\"><img loading=\"lazy\" decoding=\"async\" style=\"border-right-width: 0px; display: inline; border-top-width: 0px; border-bottom-width: 0px; border-left-width: 0px\" title=\"AyudaTranslatePage\" border=\"0\" alt=\"AyudaTranslatePage\" src=\"http:\/\/www.radians.com.ar\/Articulos\/Images\/AyudaHelp_9669\/AyudaTranslatePage_thumb.png\" width=\"544\" height=\"272\" \/><\/a> <\/p>\n<p><a href=\"http:\/\/www.radians.com.ar\/Articulos\/Images\/AyudaHelp_9669\/AyudaIconos.png\"><img loading=\"lazy\" decoding=\"async\" style=\"border-right-width: 0px; display: inline; border-top-width: 0px; border-bottom-width: 0px; margin-left: 0px; border-left-width: 0px; margin-right: 0px\" title=\"AyudaIconos\" border=\"0\" alt=\"AyudaIconos\" align=\"left\" src=\"http:\/\/www.radians.com.ar\/Articulos\/Images\/AyudaHelp_9669\/AyudaIconos_thumb.png\" width=\"218\" height=\"244\" \/><\/a> Y por \u00faltimo, en la opci\u00f3n \u201c<b><i>6. Acceso R\u00e1pido<\/i><\/b>\u201d tenemos distintos botones como ser: <b><i>Suscripci\u00f3n a RSS<\/i><\/b>, <b><i>Acceso r\u00e1pido a Twitter<\/i><\/b>, <b><i>Acceso a mi perfil de Linkedin<\/i><\/b>, y <b><i>el bot\u00f3n de envi\u00f3 de mail<\/i><\/b>, en el cual pueden realizar consultas.<\/p>\n<p>Espero que les sirva esta p\u00e1gina de ayuda, as\u00ed pueden aprovechar al m\u00e1ximo el contenido del sitio.<\/p>\n<p>Saludos a todos, Roberto Di Lello.<\/p>\n","protected":false},"excerpt":{"rendered":"<p>A partir de los nuevos cambios que he aplicado al sitio, quer\u00eda mostrarles los distintos&#8230;<\/p>\n","protected":false},"author":1,"featured_media":4291,"parent":0,"menu_order":0,"comment_status":"closed","ping_status":"closed","template":"","meta":{"_monsterinsights_skip_tracking":false,"_monsterinsights_sitenote_active":false,"_monsterinsights_sitenote_note":"","_monsterinsights_sitenote_category":0,"footnotes":""},"class_list":["post-728","page","type-page","status-publish","has-post-thumbnail","hentry"],"_links":{"self":[{"href":"https:\/\/www.radians.com.ar\/blog\/index.php?rest_route=\/wp\/v2\/pages\/728","targetHints":{"allow":["GET"]}}],"collection":[{"href":"https:\/\/www.radians.com.ar\/blog\/index.php?rest_route=\/wp\/v2\/pages"}],"about":[{"href":"https:\/\/www.radians.com.ar\/blog\/index.php?rest_route=\/wp\/v2\/types\/page"}],"author":[{"embeddable":true,"href":"https:\/\/www.radians.com.ar\/blog\/index.php?rest_route=\/wp\/v2\/users\/1"}],"replies":[{"embeddable":true,"href":"https:\/\/www.radians.com.ar\/blog\/index.php?rest_route=%2Fwp%2Fv2%2Fcomments&post=728"}],"version-history":[{"count":10,"href":"https:\/\/www.radians.com.ar\/blog\/index.php?rest_route=\/wp\/v2\/pages\/728\/revisions"}],"predecessor-version":[{"id":742,"href":"https:\/\/www.radians.com.ar\/blog\/index.php?rest_route=\/wp\/v2\/pages\/728\/revisions\/742"}],"wp:featuredmedia":[{"embeddable":true,"href":"https:\/\/www.radians.com.ar\/blog\/index.php?rest_route=\/wp\/v2\/media\/4291"}],"wp:attachment":[{"href":"https:\/\/www.radians.com.ar\/blog\/index.php?rest_route=%2Fwp%2Fv2%2Fmedia&parent=728"}],"curies":[{"name":"wp","href":"https:\/\/api.w.org\/{rel}","templated":true}]}}